{"id":60,"date":"2019-07-09T18:40:06","date_gmt":"2019-07-09T16:40:06","guid":{"rendered":"http:\/\/tilvaro.fr\/wp2\/?page_id=60"},"modified":"2020-04-08T13:34:38","modified_gmt":"2020-04-08T11:34:38","slug":"liens-utiles","status":"publish","type":"page","link":"https:\/\/old.blaiswatt.fr\/?page_id=60","title":{"rendered":"Liens utiles"},"content":{"rendered":"\n<h4 class=\"wp-block-heading\">La transition \u00e9nerg\u00e9tique<\/h4>\n\n\n\n<p><a href=\"http:\/\/decrypterlenergie.org\/\" target=\"_blank\" rel=\"noreferrer noopener\">D\u00e9crypter l&rsquo;\u00e9nergie : Des r\u00e9ponses aux id\u00e9es re\u00e7ues sur le transition \u00e9nerg\u00e9tique<\/a><br><a rel=\"noreferrer noopener\" aria-label=\" (s\u2019ouvre dans un nouvel onglet)\" href=\"https:\/\/www.agglopolys.fr\/2882-plan-climat-air-energie-territorial.htm\" target=\"_blank\">Plan Climat Air Energie Territorial (PCAET) d&rsquo;Agglopolys<\/a><br><a rel=\"noreferrer noopener\" aria-label=\" (s\u2019ouvre dans un nouvel onglet)\" href=\"https:\/\/virage-energie-centre-val-de-loire.fr\/\" target=\"_blank\">Transition \u00e9nerg\u00e9tique en r\u00e9gion Centre-Val de Loire par Virage Energie<br><\/a><a rel=\"noreferrer noopener\" aria-label=\" (s\u2019ouvre dans un nouvel onglet)\" href=\"https:\/\/www.negawatt.org\/\" target=\"_blank\">Sc\u00e9nario Negawatt national<\/a><br><a rel=\"noreferrer noopener\" aria-label=\" (s\u2019ouvre dans un nouvel onglet)\" href=\"http:\/\/www.fnccr.asso.fr\/article\/le-cadastre-solaire\/\" target=\"_blank\">Guide du Cadastre Solaire par la FNCCR<\/a><\/p>\n\n\n\n<h4 class=\"wp-block-heading\">L&rsquo;\u00e9nergie et les \u00e9nergies renouvelables<\/h4>\n\n\n\n<p><a href=\"https:\/\/www.ademe.fr\">Agence de l&rsquo;Environnement et de la Ma\u00eetrise de l&rsquo;\u00c9nergie (ADEME)<\/a> <a href=\"http:\/\/www.energies-renouvelables.org\/\">L\u2019Observatoire des \u00e9nergies renouvelables<\/a><br><a href=\"https:\/\/www.statistiques.developpement-durable.gouv.fr\/energie\" target=\"_blank\" rel=\"noreferrer noopener\">L&rsquo;\u00e9nergie en France : statistiques officielles<\/a><br><a href=\"https:\/\/www.rte-france.com\/fr\/eco2mix\/eco2mix\">\u00e9CO<sub>2<\/sub>mix &#8211; Production et consommation d&rsquo;\u00e9lectricit\u00e9 en France en temps r\u00e9el<\/a><\/p>\n\n\n\n<h4 class=\"wp-block-heading\">Ils soutiennent Blais&rsquo;Watt<\/h4>\n\n\n\n<p><a href=\"https:\/\/energie-partagee.org\/\" target=\"_blank\" rel=\"noreferrer noopener\" aria-label=\" (s\u2019ouvre dans un nouvel onglet)\">Energie Partag\u00e9e<\/a><br><a href=\"https:\/\/www.energiesvendomoises.com\/\" target=\"_blank\" rel=\"noreferrer noopener\" aria-label=\" (s\u2019ouvre dans un nouvel onglet)\">Energies Vend\u00f4moises<\/a><br><a href=\"https:\/\/www.agglopolys.fr\/\" target=\"_blank\" rel=\"noreferrer noopener\" aria-label=\" (s\u2019ouvre dans un nouvel onglet)\">La communaut\u00e9 d&rsquo;agglom\u00e9ration de Blois<\/a><br><a href=\"https:\/\/www.blois.fr\/\" target=\"_blank\" rel=\"noreferrer noopener\" aria-label=\" (s\u2019ouvre dans un nouvel onglet)\">La ville de Blois<\/a><a href=\"https:\/\/www.agglopolys.fr\/\"><br><\/a><a href=\"https:\/\/www.vineuil41.fr\/\" target=\"_blank\" rel=\"noreferrer noopener\" aria-label=\" (s\u2019ouvre dans un nouvel onglet)\">La commune de Vineuil<\/a><\/p>\n","protected":false},"excerpt":{"rendered":"<p>La transition \u00e9nerg\u00e9tique D\u00e9crypter l&rsquo;\u00e9nergie : Des r\u00e9ponses aux id\u00e9es re\u00e7ues sur le transition \u00e9nerg\u00e9tiquePlan Climat Air Energie Territorial (PCAET) [&hellip;]<\/p>\n","protected":false},"author":1,"featured_media":128,"parent":0,"menu_order":0,"comment_status":"closed","ping_status":"closed","template":"","meta":{"site-sidebar-layout":"default","site-content-layout":"","ast-site-content-layout":"","site-content-style":"default","site-sidebar-style":"default","ast-global-header-display":"","ast-banner-title-visibility":"","ast-main-header-display":"","ast-hfb-above-header-display":"","ast-hfb-below-header-display":"","ast-hfb-mobile-header-display":"","site-post-title":"","ast-breadcrumbs-content":"","ast-featured-img":"","footer-sml-layout":"","theme-transparent-header-meta":"","adv-header-id-meta":"","stick-header-meta":"","header-above-stick-meta":"","header-main-stick-meta":"","header-below-stick-meta":"","astra-migrate-meta-layouts":"default","ast-page-background-enabled":"default","ast-page-background-meta":{"desktop":{"background-color":"var(--ast-global-color-5)","background-image":"","background-repeat":"repeat","background-position":"center center","background-size":"auto","background-attachment":"scroll","background-type":"","background-media":"","overlay-type":"","overlay-color":"","overlay-opacity":"","overlay-gradient":""},"tablet":{"background-color":"","background-image":"","background-repeat":"repeat","background-position":"center center","background-size":"auto","background-attachment":"scroll","background-type":"","background-media":"","overlay-type":"","overlay-color":"","overlay-opacity":"","overlay-gradient":""},"mobile":{"background-color":"","background-image":"","background-repeat":"repeat","background-position":"center center","background-size":"auto","background-attachment":"scroll","background-type":"","background-media":"","overlay-type":"","overlay-color":"","overlay-opacity":"","overlay-gradient":""}},"ast-content-background-meta":{"desktop":{"background-color":"var(--ast-global-color-4)","background-image":"","background-repeat":"repeat","background-position":"center center","background-size":"auto","background-attachment":"scroll","background-type":"","background-media":"","overlay-type":"","overlay-color":"","overlay-opacity":"","overlay-gradient":""},"tablet":{"background-color":"var(--ast-global-color-4)","background-image":"","background-repeat":"repeat","background-position":"center center","background-size":"auto","background-attachment":"scroll","background-type":"","background-media":"","overlay-type":"","overlay-color":"","overlay-opacity":"","overlay-gradient":""},"mobile":{"background-color":"var(--ast-global-color-4)","background-image":"","background-repeat":"repeat","background-position":"center center","background-size":"auto","background-attachment":"scroll","background-type":"","background-media":"","overlay-type":"","overlay-color":"","overlay-opacity":"","overlay-gradient":""}},"footnotes":""},"class_list":["post-60","page","type-page","status-publish","has-post-thumbnail","hentry"],"_links":{"self":[{"href":"https:\/\/old.blaiswatt.fr\/index.php?rest_route=\/wp\/v2\/pages\/60","targetHints":{"allow":["GET"]}}],"collection":[{"href":"https:\/\/old.blaiswatt.fr\/index.php?rest_route=\/wp\/v2\/pages"}],"about":[{"href":"https:\/\/old.blaiswatt.fr\/index.php?rest_route=\/wp\/v2\/types\/page"}],"author":[{"embeddable":true,"href":"https:\/\/old.blaiswatt.fr\/index.php?rest_route=\/wp\/v2\/users\/1"}],"replies":[{"embeddable":true,"href":"https:\/\/old.blaiswatt.fr\/index.php?rest_route=%2Fwp%2Fv2%2Fcomments&post=60"}],"version-history":[{"count":4,"href":"https:\/\/old.blaiswatt.fr\/index.php?rest_route=\/wp\/v2\/pages\/60\/revisions"}],"predecessor-version":[{"id":439,"href":"https:\/\/old.blaiswatt.fr\/index.php?rest_route=\/wp\/v2\/pages\/60\/revisions\/439"}],"wp:featuredmedia":[{"embeddable":true,"href":"https:\/\/old.blaiswatt.fr\/index.php?rest_route=\/wp\/v2\/media\/128"}],"wp:attachment":[{"href":"https:\/\/old.blaiswatt.fr\/index.php?rest_route=%2Fwp%2Fv2%2Fmedia&parent=60"}],"curies":[{"name":"wp","href":"https:\/\/api.w.org\/{rel}","templated":true}]}}