{"id":486,"date":"2020-12-21T18:43:36","date_gmt":"2020-12-21T17:43:36","guid":{"rendered":"https:\/\/www.blaiswatt.fr\/?page_id=486"},"modified":"2020-12-21T18:46:50","modified_gmt":"2020-12-21T17:46:50","slug":"notre-charte","status":"publish","type":"page","link":"https:\/\/old.blaiswatt.fr\/?page_id=486","title":{"rendered":"Notre charte"},"content":{"rendered":"\n<p class=\"has-text-align-center\"><strong>Un ancrage local<\/strong><\/p>\n\n\n\n<div class=\"wp-block-image\"><figure class=\"aligncenter size-large\"><img decoding=\"async\" width=\"131\" height=\"72\" src=\"https:\/\/www.blaiswatt.fr\/wp-content\/uploads\/2020\/12\/001.jpg\" alt=\"\" class=\"wp-image-482\"\/><\/figure><\/div>\n\n\n\n<p>Les projets doivent \u00eatre construits par et pour les citoyens du bassin de vie de Blois et relation avec les partenaires locaux, collectivit\u00e9s, syndicats, associations, \u2026<br>Les projets doivent s&rsquo;appuyer sur une adh\u00e9sion de la population locale et permettre \u00e0 tous d\u2019y participer.<\/p>\n\n\n\n<p class=\"has-text-align-center\"><strong>Une juste r\u00e9partition des richesses<\/strong><\/p>\n\n\n\n<div class=\"wp-block-image\"><figure class=\"aligncenter size-large\"><img decoding=\"async\" width=\"107\" height=\"113\" src=\"https:\/\/www.blaiswatt.fr\/wp-content\/uploads\/2020\/12\/002.jpg\" alt=\"\" class=\"wp-image-483\"\/><\/figure><\/div>\n\n\n\n<p>L&rsquo;\u00e9quilibre \u00e9conomique des projets est le garant de la cr\u00e9dibilit\u00e9 de la d\u00e9marche de l\u2019association.<br>Les b\u00e9n\u00e9fices servent \u00e0 de futurs projets, \u00e0 la mise en place d&rsquo;outils p\u00e9dagogiques et d&rsquo;actions de sensibilisation, ainsi qu\u2019\u00e0 la r\u00e9mun\u00e9ration raisonnable des investisseurs.<\/p>\n\n\n\n<p class=\"has-text-align-center\"><strong>Une gouvernance citoyenne<\/strong><\/p>\n\n\n\n<div class=\"wp-block-image\"><figure class=\"aligncenter size-large\"><img decoding=\"async\" width=\"149\" height=\"99\" src=\"https:\/\/www.blaiswatt.fr\/wp-content\/uploads\/2020\/12\/003.jpg\" alt=\"\" class=\"wp-image-484\"\/><\/figure><\/div>\n\n\n\n<p>Les projets doivent \u00eatre construits avec une gouvernance citoyenne forte et un pouvoir limit\u00e9 du politique et des partenaires priv\u00e9s.<br>La gouvernance choisie garantie la transparence totale sur le fonctionnement et les aspects financiers et permet un contr\u00f4le des prix de production.<br>Le fonctionnement de la soci\u00e9t\u00e9 d\u2019exploitation du projet est d\u00e9mocratique, transparent et clair, avec des garanties sur le maintien dans la dur\u00e9e de la finalit\u00e9 du projet.<\/p>\n\n\n\n<p class=\"has-text-align-center\"><strong>Une prise en compte de l\u2019environnement<\/strong><\/p>\n\n\n\n<div class=\"wp-block-image\"><figure class=\"aligncenter size-large\"><img loading=\"lazy\" decoding=\"async\" width=\"112\" height=\"103\" src=\"https:\/\/www.blaiswatt.fr\/wp-content\/uploads\/2020\/12\/004.jpg\" alt=\"\" class=\"wp-image-485\"\/><\/figure><\/div>\n\n\n\n<p>Les projets de production d&rsquo;\u00e9nergie ont pour vocation \u00e0 r\u00e9pondre aux besoins du bassin de vie du bl\u00e9sois avec pour id\u00e9al de tendre vers l\u2019autosuffisance \u00e9nerg\u00e9tique en combinaison avec une d\u00e9marche de r\u00e9duction des consommations \u00e9nerg\u00e9tiques.<br>Les projets mis en \u0153uvre ont un impact le plus faible possible sur notre environnement et prennent en compte la sant\u00e9 des habitants, le patrimoine architectural et les milieux naturels.<\/p>\n","protected":false},"excerpt":{"rendered":"<p>Un ancrage local Les projets doivent \u00eatre construits par et pour les citoyens du bassin de vie de Blois et [&hellip;]<\/p>\n","protected":false},"author":1,"featured_media":426,"parent":0,"menu_order":0,"comment_status":"closed","ping_status":"closed","template":"","meta":{"site-sidebar-layout":"default","site-content-layout":"","ast-site-content-layout":"","site-content-style":"default","site-sidebar-style":"default","ast-global-header-display":"","ast-banner-title-visibility":"","ast-main-header-display":"","ast-hfb-above-header-display":"","ast-hfb-below-header-display":"","ast-hfb-mobile-header-display":"","site-post-title":"","ast-breadcrumbs-content":"","ast-featured-img":"","footer-sml-layout":"","theme-transparent-header-meta":"","adv-header-id-meta":"","stick-header-meta":"","header-above-stick-meta":"","header-main-stick-meta":"","header-below-stick-meta":"","astra-migrate-meta-layouts":"default","ast-page-background-enabled":"default","ast-page-background-meta":{"desktop":{"background-color":"var(--ast-global-color-5)","background-image":"","background-repeat":"repeat","background-position":"center center","background-size":"auto","background-attachment":"scroll","background-type":"","background-media":"","overlay-type":"","overlay-color":"","overlay-opacity":"","overlay-gradient":""},"tablet":{"background-color":"","background-image":"","background-repeat":"repeat","background-position":"center center","background-size":"auto","background-attachment":"scroll","background-type":"","background-media":"","overlay-type":"","overlay-color":"","overlay-opacity":"","overlay-gradient":""},"mobile":{"background-color":"","background-image":"","background-repeat":"repeat","background-position":"center center","background-size":"auto","background-attachment":"scroll","background-type":"","background-media":"","overlay-type":"","overlay-color":"","overlay-opacity":"","overlay-gradient":""}},"ast-content-background-meta":{"desktop":{"background-color":"var(--ast-global-color-4)","background-image":"","background-repeat":"repeat","background-position":"center center","background-size":"auto","background-attachment":"scroll","background-type":"","background-media":"","overlay-type":"","overlay-color":"","overlay-opacity":"","overlay-gradient":""},"tablet":{"background-color":"var(--ast-global-color-4)","background-image":"","background-repeat":"repeat","background-position":"center center","background-size":"auto","background-attachment":"scroll","background-type":"","background-media":"","overlay-type":"","overlay-color":"","overlay-opacity":"","overlay-gradient":""},"mobile":{"background-color":"var(--ast-global-color-4)","background-image":"","background-repeat":"repeat","background-position":"center center","background-size":"auto","background-attachment":"scroll","background-type":"","background-media":"","overlay-type":"","overlay-color":"","overlay-opacity":"","overlay-gradient":""}},"footnotes":""},"class_list":["post-486","page","type-page","status-publish","has-post-thumbnail","hentry"],"_links":{"self":[{"href":"https:\/\/old.blaiswatt.fr\/index.php?rest_route=\/wp\/v2\/pages\/486","targetHints":{"allow":["GET"]}}],"collection":[{"href":"https:\/\/old.blaiswatt.fr\/index.php?rest_route=\/wp\/v2\/pages"}],"about":[{"href":"https:\/\/old.blaiswatt.fr\/index.php?rest_route=\/wp\/v2\/types\/page"}],"author":[{"embeddable":true,"href":"https:\/\/old.blaiswatt.fr\/index.php?rest_route=\/wp\/v2\/users\/1"}],"replies":[{"embeddable":true,"href":"https:\/\/old.blaiswatt.fr\/index.php?rest_route=%2Fwp%2Fv2%2Fcomments&post=486"}],"version-history":[{"count":2,"href":"https:\/\/old.blaiswatt.fr\/index.php?rest_route=\/wp\/v2\/pages\/486\/revisions"}],"predecessor-version":[{"id":489,"href":"https:\/\/old.blaiswatt.fr\/index.php?rest_route=\/wp\/v2\/pages\/486\/revisions\/489"}],"wp:featuredmedia":[{"embeddable":true,"href":"https:\/\/old.blaiswatt.fr\/index.php?rest_route=\/wp\/v2\/media\/426"}],"wp:attachment":[{"href":"https:\/\/old.blaiswatt.fr\/index.php?rest_route=%2Fwp%2Fv2%2Fmedia&parent=486"}],"curies":[{"name":"wp","href":"https:\/\/api.w.org\/{rel}","templated":true}]}}