{"id":421,"date":"2020-03-15T17:00:27","date_gmt":"2020-03-15T16:00:27","guid":{"rendered":"https:\/\/www.blaiswatt.fr\/?page_id=421"},"modified":"2023-11-17T17:29:33","modified_gmt":"2023-11-17T16:29:33","slug":"adherer","status":"publish","type":"page","link":"https:\/\/old.blaiswatt.fr\/?page_id=421","title":{"rendered":"Adh\u00e9rer"},"content":{"rendered":"\t\t<div data-elementor-type=\"wp-page\" data-elementor-id=\"421\" class=\"elementor elementor-421\">\n\t\t\t\t\t\t<section class=\"elementor-section elementor-top-section elementor-element elementor-element-59fc0abd elementor-section-boxed elementor-section-height-default elementor-section-height-default\" data-id=\"59fc0abd\" data-element_type=\"section\" data-e-type=\"section\">\n\t\t\t\t\t\t<div class=\"elementor-container elementor-column-gap-default\">\n\t\t\t\t\t<div class=\"elementor-column elementor-col-100 elementor-top-column elementor-element elementor-element-36ef8034\" data-id=\"36ef8034\" data-element_type=\"column\" data-e-type=\"column\">\n\t\t\t<div class=\"elementor-widget-wrap elementor-element-populated\">\n\t\t\t\t\t\t<div class=\"elementor-element elementor-element-5c5833ca elementor-widget elementor-widget-text-editor\" data-id=\"5c5833ca\" data-element_type=\"widget\" data-e-type=\"widget\" data-widget_type=\"text-editor.default\">\n\t\t\t\t<div class=\"elementor-widget-container\">\n\t\t\t\t\t\t\t\t\t\n<p>Pour adh\u00e9rer, vous pouvez t\u00e9l\u00e9charger le bulletin ci dessous et le renvoyer \u00e0 l&rsquo;adresse indiqu\u00e9e accompagn\u00e9 d&rsquo;un ch\u00e8que de 15 euros \u00e0 l&rsquo;ordre de Blaiswatt<\/p>\n\n<div class=\"wp-block-file\"><a href=\"https:\/\/old.blaiswatt.fr\/wp-content\/uploads\/2020\/03\/Bulletin-adhesion-BlaisWatt-A4-v2.pdf\">Bulletin adhesion BlaisWatt A4 v2<\/a><a class=\"wp-block-file__button\" href=\"https:\/\/old.blaiswatt.fr\/wp-content\/uploads\/2020\/03\/Bulletin-adhesion-BlaisWatt-A4-v2.pdf\" download=\"\">T\u00e9l\u00e9charger<\/a><\/div>\n\t\t\t\t\t\t\t\t<\/div>\n\t\t\t\t<\/div>\n\t\t\t\t\t<\/div>\n\t\t<\/div>\n\t\t\t\t\t<\/div>\n\t\t<\/section>\n\t\t\t\t<\/div>\n\t\t","protected":false},"excerpt":{"rendered":"<p>Pour adh\u00e9rer, vous pouvez t\u00e9l\u00e9charger le bulletin ci dessous et le renvoyer \u00e0 l&rsquo;adresse indiqu\u00e9e accompagn\u00e9 d&rsquo;un ch\u00e8que de 15 [&hellip;]<\/p>\n","protected":false},"author":1,"featured_media":130,"parent":0,"menu_order":0,"comment_status":"closed","ping_status":"closed","template":"","meta":{"site-sidebar-layout":"default","site-content-layout":"","ast-site-content-layout":"","site-content-style":"default","site-sidebar-style":"default","ast-global-header-display":"","ast-banner-title-visibility":"","ast-main-header-display":"","ast-hfb-above-header-display":"","ast-hfb-below-header-display":"","ast-hfb-mobile-header-display":"","site-post-title":"","ast-breadcrumbs-content":"","ast-featured-img":"","footer-sml-layout":"","theme-transparent-header-meta":"","adv-header-id-meta":"","stick-header-meta":"","header-above-stick-meta":"","header-main-stick-meta":"","header-below-stick-meta":"","astra-migrate-meta-layouts":"default","ast-page-background-enabled":"default","ast-page-background-meta":{"desktop":{"background-color":"var(--ast-global-color-5)","background-image":"","background-repeat":"repeat","background-position":"center center","background-size":"auto","background-attachment":"scroll","background-type":"","background-media":"","overlay-type":"","overlay-color":"","overlay-opacity":"","overlay-gradient":""},"tablet":{"background-color":"","background-image":"","background-repeat":"repeat","background-position":"center center","background-size":"auto","background-attachment":"scroll","background-type":"","background-media":"","overlay-type":"","overlay-color":"","overlay-opacity":"","overlay-gradient":""},"mobile":{"background-color":"","background-image":"","background-repeat":"repeat","background-position":"center center","background-size":"auto","background-attachment":"scroll","background-type":"","background-media":"","overlay-type":"","overlay-color":"","overlay-opacity":"","overlay-gradient":""}},"ast-content-background-meta":{"desktop":{"background-color":"var(--ast-global-color-4)","background-image":"","background-repeat":"repeat","background-position":"center center","background-size":"auto","background-attachment":"scroll","background-type":"","background-media":"","overlay-type":"","overlay-color":"","overlay-opacity":"","overlay-gradient":""},"tablet":{"background-color":"var(--ast-global-color-4)","background-image":"","background-repeat":"repeat","background-position":"center center","background-size":"auto","background-attachment":"scroll","background-type":"","background-media":"","overlay-type":"","overlay-color":"","overlay-opacity":"","overlay-gradient":""},"mobile":{"background-color":"var(--ast-global-color-4)","background-image":"","background-repeat":"repeat","background-position":"center center","background-size":"auto","background-attachment":"scroll","background-type":"","background-media":"","overlay-type":"","overlay-color":"","overlay-opacity":"","overlay-gradient":""}},"footnotes":""},"class_list":["post-421","page","type-page","status-publish","has-post-thumbnail","hentry"],"_links":{"self":[{"href":"https:\/\/old.blaiswatt.fr\/index.php?rest_route=\/wp\/v2\/pages\/421","targetHints":{"allow":["GET"]}}],"collection":[{"href":"https:\/\/old.blaiswatt.fr\/index.php?rest_route=\/wp\/v2\/pages"}],"about":[{"href":"https:\/\/old.blaiswatt.fr\/index.php?rest_route=\/wp\/v2\/types\/page"}],"author":[{"embeddable":true,"href":"https:\/\/old.blaiswatt.fr\/index.php?rest_route=\/wp\/v2\/users\/1"}],"replies":[{"embeddable":true,"href":"https:\/\/old.blaiswatt.fr\/index.php?rest_route=%2Fwp%2Fv2%2Fcomments&post=421"}],"version-history":[{"count":6,"href":"https:\/\/old.blaiswatt.fr\/index.php?rest_route=\/wp\/v2\/pages\/421\/revisions"}],"predecessor-version":[{"id":2256,"href":"https:\/\/old.blaiswatt.fr\/index.php?rest_route=\/wp\/v2\/pages\/421\/revisions\/2256"}],"wp:featuredmedia":[{"embeddable":true,"href":"https:\/\/old.blaiswatt.fr\/index.php?rest_route=\/wp\/v2\/media\/130"}],"wp:attachment":[{"href":"https:\/\/old.blaiswatt.fr\/index.php?rest_route=%2Fwp%2Fv2%2Fmedia&parent=421"}],"curies":[{"name":"wp","href":"https:\/\/api.w.org\/{rel}","templated":true}]}}