{"id":290,"date":"2020-02-03T19:22:55","date_gmt":"2020-02-03T18:22:55","guid":{"rendered":"http:\/\/tilvaro.fr\/wp2\/?page_id=290"},"modified":"2022-08-01T17:06:52","modified_gmt":"2022-08-01T15:06:52","slug":"projets","status":"publish","type":"page","link":"https:\/\/old.blaiswatt.fr\/?page_id=290","title":{"rendered":"Projets"},"content":{"rendered":"\t\t<div data-elementor-type=\"wp-page\" data-elementor-id=\"290\" class=\"elementor elementor-290\">\n\t\t\t\t\t\t<section class=\"elementor-section elementor-top-section elementor-element elementor-element-5ff48ff elementor-section-boxed elementor-section-height-default elementor-section-height-default\" data-id=\"5ff48ff\" data-element_type=\"section\" data-e-type=\"section\">\n\t\t\t\t\t\t<div class=\"elementor-container elementor-column-gap-default\">\n\t\t\t\t\t<div class=\"elementor-column elementor-col-100 elementor-top-column elementor-element elementor-element-37d61a4\" data-id=\"37d61a4\" data-element_type=\"column\" data-e-type=\"column\">\n\t\t\t<div class=\"elementor-widget-wrap elementor-element-populated\">\n\t\t\t\t\t\t<div class=\"elementor-element elementor-element-03b2ced elementor-widget elementor-widget-text-editor\" data-id=\"03b2ced\" data-element_type=\"widget\" data-e-type=\"widget\" data-widget_type=\"text-editor.default\">\n\t\t\t\t<div class=\"elementor-widget-container\">\n\t\t\t\t\t\t\t\t\t<p>Blais&rsquo;Watt a \u00e9tudi\u00e9 une vingtaine de projets potentiels. Pour l&rsquo;instant, elle en a retenu deux. Ils sont op\u00e9rationnels depuis le 4 avril 2022 pour Cormeray, le 27 juillet pour Rangy.<\/p>\t\t\t\t\t\t\t\t<\/div>\n\t\t\t\t<\/div>\n\t\t\t\t<div class=\"elementor-element elementor-element-a503315 elementor-widget elementor-widget-heading\" data-id=\"a503315\" data-element_type=\"widget\" data-e-type=\"widget\" data-widget_type=\"heading.default\">\n\t\t\t\t<div class=\"elementor-widget-container\">\n\t\t\t\t\t<h2 class=\"elementor-heading-title elementor-size-default\">Projet photovolta\u00efque \u00e0 Saint-Lubin-en-Vergonnois<\/h2>\t\t\t\t<\/div>\n\t\t\t\t<\/div>\n\t\t\t\t\t<\/div>\n\t\t<\/div>\n\t\t\t\t\t<\/div>\n\t\t<\/section>\n\t\t\t\t<section class=\"elementor-section elementor-top-section elementor-element elementor-element-715dfc9 elementor-section-boxed elementor-section-height-default elementor-section-height-default\" data-id=\"715dfc9\" data-element_type=\"section\" data-e-type=\"section\">\n\t\t\t\t\t\t<div class=\"elementor-container elementor-column-gap-default\">\n\t\t\t\t\t<div class=\"elementor-column elementor-col-50 elementor-top-column elementor-element elementor-element-4a23e571\" data-id=\"4a23e571\" data-element_type=\"column\" data-e-type=\"column\">\n\t\t\t<div class=\"elementor-widget-wrap elementor-element-populated\">\n\t\t\t\t\t\t<div class=\"elementor-element elementor-element-9ba6d6b elementor-widget elementor-widget-image\" data-id=\"9ba6d6b\" data-element_type=\"widget\" data-e-type=\"widget\" data-widget_type=\"image.default\">\n\t\t\t\t<div class=\"elementor-widget-container\">\n\t\t\t\t\t\t\t\t\t\t\t\t\t\t\t<img fetchpriority=\"high\" decoding=\"async\" width=\"300\" height=\"180\" src=\"https:\/\/old.blaiswatt.fr\/wp-content\/uploads\/2022\/04\/rangy01-300x180.jpg\" class=\"attachment-medium size-medium wp-image-1833\" alt=\"\" srcset=\"https:\/\/old.blaiswatt.fr\/wp-content\/uploads\/2022\/04\/rangy01-300x180.jpg 300w, https:\/\/old.blaiswatt.fr\/wp-content\/uploads\/2022\/04\/rangy01.jpg 366w\" sizes=\"(max-width: 300px) 100vw, 300px\" \/>\t\t\t\t\t\t\t\t\t\t\t\t\t\t\t<\/div>\n\t\t\t\t<\/div>\n\t\t\t\t<div class=\"elementor-element elementor-element-dc668e8 elementor-widget elementor-widget-text-editor\" data-id=\"dc668e8\" data-element_type=\"widget\" data-e-type=\"widget\" data-widget_type=\"text-editor.default\">\n\t\t\t\t<div class=\"elementor-widget-container\">\n\t\t\t\t\t\t\t\t\t<p><em>D\u00e9but avril 2022 : les fondations&#8230;<\/em><\/p>\t\t\t\t\t\t\t\t<\/div>\n\t\t\t\t<\/div>\n\t\t\t\t<div class=\"elementor-element elementor-element-4611eb5 elementor-widget elementor-widget-image\" data-id=\"4611eb5\" data-element_type=\"widget\" data-e-type=\"widget\" data-widget_type=\"image.default\">\n\t\t\t\t<div class=\"elementor-widget-container\">\n\t\t\t\t\t\t\t\t\t\t\t\t\t\t\t<img decoding=\"async\" width=\"300\" height=\"226\" src=\"https:\/\/old.blaiswatt.fr\/wp-content\/uploads\/2022\/05\/rangy003-300x226.jpg\" class=\"attachment-medium size-medium wp-image-1878\" alt=\"\" srcset=\"https:\/\/old.blaiswatt.fr\/wp-content\/uploads\/2022\/05\/rangy003-300x226.jpg 300w, https:\/\/old.blaiswatt.fr\/wp-content\/uploads\/2022\/05\/rangy003.jpg 600w\" sizes=\"(max-width: 300px) 100vw, 300px\" \/>\t\t\t\t\t\t\t\t\t\t\t\t\t\t\t<\/div>\n\t\t\t\t<\/div>\n\t\t\t\t<div class=\"elementor-element elementor-element-def3773 elementor-widget elementor-widget-text-editor\" data-id=\"def3773\" data-element_type=\"widget\" data-e-type=\"widget\" data-widget_type=\"text-editor.default\">\n\t\t\t\t<div class=\"elementor-widget-container\">\n\t\t\t\t\t\t\t\t\t<p>D\u00e9but mai 2022 : le hangar est mont\u00e9<\/p>\t\t\t\t\t\t\t\t<\/div>\n\t\t\t\t<\/div>\n\t\t\t\t\t<\/div>\n\t\t<\/div>\n\t\t\t\t<div class=\"elementor-column elementor-col-50 elementor-top-column elementor-element elementor-element-ad43ce5\" data-id=\"ad43ce5\" data-element_type=\"column\" data-e-type=\"column\">\n\t\t\t<div class=\"elementor-widget-wrap elementor-element-populated\">\n\t\t\t\t\t\t<div class=\"elementor-element elementor-element-57d32a9 elementor-widget elementor-widget-text-editor\" data-id=\"57d32a9\" data-element_type=\"widget\" data-e-type=\"widget\" data-widget_type=\"text-editor.default\">\n\t\t\t\t<div class=\"elementor-widget-container\">\n\t\t\t\t\t\t\t\t\t\n<p>Sur la ferme d\u2019un paysan mara\u00eecher au lieu-dit Rangy sur la commune de Saint-Lubin-en-Vergonnois, construction d\u2019un hangar et installation sur le toit de panneaux photovolta\u00efques d&rsquo;une puissance d\u2019environ 100 KWc*.<\/p>\n\n<p>Ce hangar abritera le mat\u00e9riel d&rsquo;un maraicher qui fournit l&rsquo;AMAP \u00ab Terre de Cisse \u00bb et la cantine scolaire de Saint-Lubin.<\/p>\n\t\t\t\t\t\t\t\t<\/div>\n\t\t\t\t<\/div>\n\t\t\t\t<div class=\"elementor-element elementor-element-12881d7 elementor-widget elementor-widget-image\" data-id=\"12881d7\" data-element_type=\"widget\" data-e-type=\"widget\" data-widget_type=\"image.default\">\n\t\t\t\t<div class=\"elementor-widget-container\">\n\t\t\t\t\t\t\t\t\t\t\t\t\t\t\t<img decoding=\"async\" width=\"300\" height=\"226\" src=\"https:\/\/old.blaiswatt.fr\/wp-content\/uploads\/2022\/05\/rangy001-300x226.jpg\" class=\"attachment-medium size-medium wp-image-1879\" alt=\"\" srcset=\"https:\/\/old.blaiswatt.fr\/wp-content\/uploads\/2022\/05\/rangy001-300x226.jpg 300w, https:\/\/old.blaiswatt.fr\/wp-content\/uploads\/2022\/05\/rangy001.jpg 600w\" sizes=\"(max-width: 300px) 100vw, 300px\" \/>\t\t\t\t\t\t\t\t\t\t\t\t\t\t\t<\/div>\n\t\t\t\t<\/div>\n\t\t\t\t<div class=\"elementor-element elementor-element-2ba1a5e elementor-widget elementor-widget-text-editor\" data-id=\"2ba1a5e\" data-element_type=\"widget\" data-e-type=\"widget\" data-widget_type=\"text-editor.default\">\n\t\t\t\t<div class=\"elementor-widget-container\">\n\t\t\t\t\t\t\t\t\t<p>27 juillet 2022 :\u00a0 la centrale produit ses premiers kilowatts<\/p>\t\t\t\t\t\t\t\t<\/div>\n\t\t\t\t<\/div>\n\t\t\t\t\t<\/div>\n\t\t<\/div>\n\t\t\t\t\t<\/div>\n\t\t<\/section>\n\t\t\t\t<section class=\"elementor-section elementor-top-section elementor-element elementor-element-ac3b5e7 elementor-section-boxed elementor-section-height-default elementor-section-height-default\" data-id=\"ac3b5e7\" data-element_type=\"section\" data-e-type=\"section\">\n\t\t\t\t\t\t<div class=\"elementor-container elementor-column-gap-default\">\n\t\t\t\t\t<div class=\"elementor-column elementor-col-100 elementor-top-column elementor-element elementor-element-1f90ca9\" data-id=\"1f90ca9\" data-element_type=\"column\" data-e-type=\"column\">\n\t\t\t<div class=\"elementor-widget-wrap elementor-element-populated\">\n\t\t\t\t\t\t<div class=\"elementor-element elementor-element-5e88148 elementor-widget elementor-widget-heading\" data-id=\"5e88148\" data-element_type=\"widget\" data-e-type=\"widget\" data-widget_type=\"heading.default\">\n\t\t\t\t<div class=\"elementor-widget-container\">\n\t\t\t\t\t<h2 class=\"elementor-heading-title elementor-size-default\">Projet photovolta\u00efque \u00e0 Cormeray<\/h2>\t\t\t\t<\/div>\n\t\t\t\t<\/div>\n\t\t\t\t\t<\/div>\n\t\t<\/div>\n\t\t\t\t\t<\/div>\n\t\t<\/section>\n\t\t\t\t<section class=\"elementor-section elementor-top-section elementor-element elementor-element-75f3b38 elementor-section-boxed elementor-section-height-default elementor-section-height-default\" data-id=\"75f3b38\" data-element_type=\"section\" data-e-type=\"section\">\n\t\t\t\t\t\t<div class=\"elementor-container elementor-column-gap-default\">\n\t\t\t\t\t<div class=\"elementor-column elementor-col-50 elementor-top-column elementor-element elementor-element-0d25e7e\" data-id=\"0d25e7e\" data-element_type=\"column\" data-e-type=\"column\">\n\t\t\t<div class=\"elementor-widget-wrap elementor-element-populated\">\n\t\t\t\t\t\t<div class=\"elementor-element elementor-element-ead96d8 elementor-widget elementor-widget-image\" data-id=\"ead96d8\" data-element_type=\"widget\" data-e-type=\"widget\" data-widget_type=\"image.default\">\n\t\t\t\t<div class=\"elementor-widget-container\">\n\t\t\t\t\t\t\t\t\t\t\t\t\t\t\t<img decoding=\"async\" src=\"https:\/\/www.blaiswatt.fr\/wp-content\/uploads\/2021\/03\/bouchet-sat.jpg\" title=\"\" alt=\"\" loading=\"lazy\" \/>\t\t\t\t\t\t\t\t\t\t\t\t\t\t\t<\/div>\n\t\t\t\t<\/div>\n\t\t\t\t<div class=\"elementor-element elementor-element-70ac64a elementor-widget elementor-widget-text-editor\" data-id=\"70ac64a\" data-element_type=\"widget\" data-e-type=\"widget\" data-widget_type=\"text-editor.default\">\n\t\t\t\t<div class=\"elementor-widget-container\">\n\t\t\t\t\t\t\t\t\t<p>Lieu-dit Le Bouch\u00e9 \u00e0 l&rsquo;est de Cormeray<\/p>\t\t\t\t\t\t\t\t<\/div>\n\t\t\t\t<\/div>\n\t\t\t\t<div class=\"elementor-element elementor-element-20fd22e elementor-widget elementor-widget-image\" data-id=\"20fd22e\" data-element_type=\"widget\" data-e-type=\"widget\" data-widget_type=\"image.default\">\n\t\t\t\t<div class=\"elementor-widget-container\">\n\t\t\t\t\t\t\t\t\t\t\t\t\t\t\t<img loading=\"lazy\" decoding=\"async\" width=\"400\" height=\"170\" src=\"https:\/\/old.blaiswatt.fr\/wp-content\/uploads\/2021\/10\/Region-CVL_Bloc-marque-horizontalsite-vectoCVDL_juillet20.jpg\" class=\"attachment-large size-large wp-image-1055\" alt=\"\" srcset=\"https:\/\/old.blaiswatt.fr\/wp-content\/uploads\/2021\/10\/Region-CVL_Bloc-marque-horizontalsite-vectoCVDL_juillet20.jpg 400w, https:\/\/old.blaiswatt.fr\/wp-content\/uploads\/2021\/10\/Region-CVL_Bloc-marque-horizontalsite-vectoCVDL_juillet20-300x128.jpg 300w\" sizes=\"(max-width: 400px) 100vw, 400px\" \/>\t\t\t\t\t\t\t\t\t\t\t\t\t\t\t<\/div>\n\t\t\t\t<\/div>\n\t\t\t\t<div class=\"elementor-element elementor-element-90f8fc9 elementor-widget elementor-widget-text-editor\" data-id=\"90f8fc9\" data-element_type=\"widget\" data-e-type=\"widget\" data-widget_type=\"text-editor.default\">\n\t\t\t\t<div class=\"elementor-widget-container\">\n\t\t\t\t\t\t\t\t\t<p>Projet r\u00e9alis\u00e9 avec le concours de la R\u00e9gion Centre Val de Loire<\/p>\t\t\t\t\t\t\t\t<\/div>\n\t\t\t\t<\/div>\n\t\t\t\t\t<\/div>\n\t\t<\/div>\n\t\t\t\t<div class=\"elementor-column elementor-col-50 elementor-top-column elementor-element elementor-element-cda4db7\" data-id=\"cda4db7\" data-element_type=\"column\" data-e-type=\"column\">\n\t\t\t<div class=\"elementor-widget-wrap elementor-element-populated\">\n\t\t\t\t\t\t<div class=\"elementor-element elementor-element-3b2c9c2 elementor-widget elementor-widget-text-editor\" data-id=\"3b2c9c2\" data-element_type=\"widget\" data-e-type=\"widget\" data-widget_type=\"text-editor.default\">\n\t\t\t\t<div class=\"elementor-widget-container\">\n\t\t\t\t\t\t\t\t\t<p>Sur le toit du chai d\u2019un jeune viticulteur bio au lieu-dit Le Bouch\u00e9, installation de panneaux photovolta\u00efques pour une puissance d\u2019environ 100 KWc*. Apr\u00e8s avoir \u00e9t\u00e9 salari\u00e9 sur le domaine, ce jeune s\u2019installe. Il ne peut pas reprendre l&rsquo;ancienne cave et doit construire son propre chai pour la r\u00e9colte 2021. Il s\u2019agit d\u2019un b\u00e2timent \u00e0 ossature bois, isolation cellulose et chauffage au bois.<\/p>\t\t\t\t\t\t\t\t<\/div>\n\t\t\t\t<\/div>\n\t\t\t\t<div class=\"elementor-element elementor-element-bb6a51f elementor-widget elementor-widget-image\" data-id=\"bb6a51f\" data-element_type=\"widget\" data-e-type=\"widget\" data-widget_type=\"image.default\">\n\t\t\t\t<div class=\"elementor-widget-container\">\n\t\t\t\t\t\t\t\t\t\t\t\t\t\t\t<img loading=\"lazy\" decoding=\"async\" width=\"600\" height=\"338\" src=\"https:\/\/old.blaiswatt.fr\/wp-content\/uploads\/2022\/04\/Cormeray-cote-Enseigne.jpg\" class=\"attachment-medium_large size-medium_large wp-image-1805\" alt=\"\" srcset=\"https:\/\/old.blaiswatt.fr\/wp-content\/uploads\/2022\/04\/Cormeray-cote-Enseigne.jpg 600w, https:\/\/old.blaiswatt.fr\/wp-content\/uploads\/2022\/04\/Cormeray-cote-Enseigne-300x169.jpg 300w\" sizes=\"(max-width: 600px) 100vw, 600px\" \/>\t\t\t\t\t\t\t\t\t\t\t\t\t\t\t<\/div>\n\t\t\t\t<\/div>\n\t\t\t\t<div class=\"elementor-element elementor-element-985d8d2 elementor-widget elementor-widget-text-editor\" data-id=\"985d8d2\" data-element_type=\"widget\" data-e-type=\"widget\" data-widget_type=\"text-editor.default\">\n\t\t\t\t<div class=\"elementor-widget-container\">\n\t\t\t\t\t\t\t\t\t<p>\u00a0<\/p>\n<p>4 avril 2022 : \u00e7a y est ! <strong>La centrale est en service<\/strong> et produit ses premiers kilowatts verts !<\/p>\n<p>Les 264 panneaux BISOL (Slov\u00e9nie) de 375Wc chacun sont reli\u00e9s \u00e0 un onduleur SMA (Allemagne) qui transforme l\u2019\u00e9lectricit\u00e9 produite par les panneaux en \u00e9lectricit\u00e9 utilisable par le r\u00e9seau public.<\/p>\t\t\t\t\t\t\t\t<\/div>\n\t\t\t\t<\/div>\n\t\t\t\t\t<\/div>\n\t\t<\/div>\n\t\t\t\t\t<\/div>\n\t\t<\/section>\n\t\t\t\t<\/div>\n\t\t","protected":false},"excerpt":{"rendered":"<p>Blais&rsquo;Watt a \u00e9tudi\u00e9 une vingtaine de projets potentiels. Pour l&rsquo;instant, elle en a retenu deux. Ils sont op\u00e9rationnels depuis le [&hellip;]<\/p>\n","protected":false},"author":2,"featured_media":1027,"parent":0,"menu_order":0,"comment_status":"closed","ping_status":"closed","template":"","meta":{"site-sidebar-layout":"default","site-content-layout":"","ast-site-content-layout":"","site-content-style":"default","site-sidebar-style":"default","ast-global-header-display":"","ast-banner-title-visibility":"","ast-main-header-display":"","ast-hfb-above-header-display":"","ast-hfb-below-header-display":"","ast-hfb-mobile-header-display":"","site-post-title":"","ast-breadcrumbs-content":"","ast-featured-img":"","footer-sml-layout":"","theme-transparent-header-meta":"","adv-header-id-meta":"","stick-header-meta":"","header-above-stick-meta":"","header-main-stick-meta":"","header-below-stick-meta":"","astra-migrate-meta-layouts":"default","ast-page-background-enabled":"default","ast-page-background-meta":{"desktop":{"background-color":"var(--ast-global-color-5)","background-image":"","background-repeat":"repeat","background-position":"center center","background-size":"auto","background-attachment":"scroll","background-type":"","background-media":"","overlay-type":"","overlay-color":"","overlay-opacity":"","overlay-gradient":""},"tablet":{"background-color":"","background-image":"","background-repeat":"repeat","background-position":"center center","background-size":"auto","background-attachment":"scroll","background-type":"","background-media":"","overlay-type":"","overlay-color":"","overlay-opacity":"","overlay-gradient":""},"mobile":{"background-color":"","background-image":"","background-repeat":"repeat","background-position":"center center","background-size":"auto","background-attachment":"scroll","background-type":"","background-media":"","overlay-type":"","overlay-color":"","overlay-opacity":"","overlay-gradient":""}},"ast-content-background-meta":{"desktop":{"background-color":"var(--ast-global-color-4)","background-image":"","background-repeat":"repeat","background-position":"center center","background-size":"auto","background-attachment":"scroll","background-type":"","background-media":"","overlay-type":"","overlay-color":"","overlay-opacity":"","overlay-gradient":""},"tablet":{"background-color":"var(--ast-global-color-4)","background-image":"","background-repeat":"repeat","background-position":"center center","background-size":"auto","background-attachment":"scroll","background-type":"","background-media":"","overlay-type":"","overlay-color":"","overlay-opacity":"","overlay-gradient":""},"mobile":{"background-color":"var(--ast-global-color-4)","background-image":"","background-repeat":"repeat","background-position":"center center","background-size":"auto","background-attachment":"scroll","background-type":"","background-media":"","overlay-type":"","overlay-color":"","overlay-opacity":"","overlay-gradient":""}},"footnotes":""},"class_list":["post-290","page","type-page","status-publish","has-post-thumbnail","hentry"],"_links":{"self":[{"href":"https:\/\/old.blaiswatt.fr\/index.php?rest_route=\/wp\/v2\/pages\/290","targetHints":{"allow":["GET"]}}],"collection":[{"href":"https:\/\/old.blaiswatt.fr\/index.php?rest_route=\/wp\/v2\/pages"}],"about":[{"href":"https:\/\/old.blaiswatt.fr\/index.php?rest_route=\/wp\/v2\/types\/page"}],"author":[{"embeddable":true,"href":"https:\/\/old.blaiswatt.fr\/index.php?rest_route=\/wp\/v2\/users\/2"}],"replies":[{"embeddable":true,"href":"https:\/\/old.blaiswatt.fr\/index.php?rest_route=%2Fwp%2Fv2%2Fcomments&post=290"}],"version-history":[{"count":144,"href":"https:\/\/old.blaiswatt.fr\/index.php?rest_route=\/wp\/v2\/pages\/290\/revisions"}],"predecessor-version":[{"id":1953,"href":"https:\/\/old.blaiswatt.fr\/index.php?rest_route=\/wp\/v2\/pages\/290\/revisions\/1953"}],"wp:featuredmedia":[{"embeddable":true,"href":"https:\/\/old.blaiswatt.fr\/index.php?rest_route=\/wp\/v2\/media\/1027"}],"wp:attachment":[{"href":"https:\/\/old.blaiswatt.fr\/index.php?rest_route=%2Fwp%2Fv2%2Fmedia&parent=290"}],"curies":[{"name":"wp","href":"https:\/\/api.w.org\/{rel}","templated":true}]}}